{"id":951,"date":"2025-02-11T13:26:36","date_gmt":"2025-02-11T12:26:36","guid":{"rendered":"http:\/\/35.159.55.73\/?page_id=951"},"modified":"2025-10-23T23:56:10","modified_gmt":"2025-10-23T22:56:10","slug":"ihr-wissensvorsprung-in-der-ki-welt","status":"publish","type":"page","link":"https:\/\/iseremo.com\/de\/blog\/ihr-wissensvorsprung-in-der-ki-welt\/","title":{"rendered":"Ihr Wissensvorsprung in der KI-Welt"},"content":{"rendered":"\t\t<div data-elementor-type=\"wp-page\" data-elementor-id=\"951\" class=\"elementor elementor-951\" data-elementor-post-type=\"page\">\n\t\t\t\t<div class=\"elementor-element elementor-element-467d81c e-flex e-con-boxed e-con e-parent\" data-id=\"467d81c\" data-element_type=\"container\">\n\t\t\t\t\t<div class=\"e-con-inner\">\n\t\t\t\t<div class=\"elementor-element elementor-element-32be877 elementor-widget elementor-widget-text-editor\" data-id=\"32be877\" data-element_type=\"widget\" data-widget_type=\"text-editor.default\">\n\t\t\t\t<div class=\"elementor-widget-container\">\n\t\t\t\t\t\t\t\t\t<h3><strong>Warum sich unser Newsletter lohnt: ihr <span style=\"color: var( --e-global-color-a0e571a ); font-family: var( --e-global-typography-d9fa867-font-family ), Sans-serif; font-size: var( --e-global-typography-d9fa867-font-size ); font-style: var( --e-global-typography-d9fa867-font-style ); letter-spacing: var( --e-global-typography-d9fa867-letter-spacing ); text-transform: var( --e-global-typography-d9fa867-text-transform ); word-spacing: var( --e-global-typography-d9fa867-word-spacing ); text-align: var(--text-align); background-color: var( --e-global-color-dc78308 );\">Wissensvorsprung in der KI-Welt!<\/span><\/strong><\/h3><div><p data-start=\"82\" data-end=\"396\">Die Welt ver\u00e4ndert sich rasant \u2013 und mit ihr die M\u00f6glichkeiten der K\u00fcnstlichen Intelligenz. Doch wer beh\u00e4lt den \u00dcberblick zwischen Hype und echter Innovation? Genau hier setzt <strong data-start=\"1548\" data-end=\"1559\">iseremo<\/strong> an:<br data-start=\"1563\" data-end=\"1566\" \/>Unser Newsletter liefert Ihnen kompakte, verst\u00e4ndliche und praxisnahe Einblicke in aktuelle KI-Trends, Entwicklungen und Use Cases.<\/p><h3>Worum Geht Es? \u2013 Ihr KI-Newsletter F\u00fcr Relevante Entwicklungen<\/h3><p data-start=\"423\" data-end=\"607\">Unser Newsletter ist kein gew\u00f6hnlicher Newsfeed. Er bietet Ihnen exklusive Einblicke in die spannendsten Fortschritte und zeigt, wie KI unser Leben und Arbeiten nachhaltig ver\u00e4ndert.<\/p><p data-start=\"609\" data-end=\"854\">\ud83d\udd0d <strong data-start=\"612\" data-end=\"639\">Business Impact Monitor<\/strong> \u2013 Welche Branchen profitieren gerade am meisten von KI? Welche Technologien setzen sich wirklich durch? Wir liefern Ihnen einen klaren \u00dcberblick \u00fcber die wichtigsten Trends und deren wirtschaftliche Auswirkungen.<\/p><p data-start=\"856\" data-end=\"1089\">\ud83e\udd16 <strong data-start=\"859\" data-end=\"894\">Use Case: News Monitoring Agent<\/strong> \u2013 Sparen Sie sich endlose Recherchen. Unser News Monitoring Agent filtert relevante Informationen aus verl\u00e4sslichen Quellen und gibt Ihnen ma\u00dfgeschneiderte Einblicke in aktuelle Entwicklungen.<\/p><p data-start=\"1091\" data-end=\"1323\">\ud83d\ude80 <strong data-start=\"1094\" data-end=\"1117\">Exklusive Einblicke<\/strong> \u2013 Erhalten Sie Wissen, das nicht jeder hat. Von Praxis-Insights bis zu den neuesten KI-Use Cases \u2013 wir teilen wertvolle Erkenntnisse und konkrete Anwendungsbeispiele f\u00fcr den erfolgreichen Einsatz von KI.<\/p><\/div>\t\t\t\t\t\t\t\t<\/div>\n\t\t\t\t<\/div>\n\t\t\t\t\t<\/div>\n\t\t\t\t<\/div>\n\t\t<div class=\"elementor-element elementor-element-9f533e6 e-flex e-con-boxed e-con e-parent\" data-id=\"9f533e6\" data-element_type=\"container\">\n\t\t\t\t\t<div class=\"e-con-inner\">\n\t\t<div class=\"elementor-element elementor-element-c70d8f5 e-con-full e-flex e-con e-child\" data-id=\"c70d8f5\" data-element_type=\"container\">\n\t\t\t\t<div class=\"elementor-element elementor-element-e9c29f8 elementor-widget elementor-widget-image\" data-id=\"e9c29f8\" data-element_type=\"widget\" data-widget_type=\"image.default\">\n\t\t\t\t<div class=\"elementor-widget-container\">\n\t\t\t\t\t\t\t\t\t\t\t\t\t\t\t<img fetchpriority=\"high\" decoding=\"async\" width=\"800\" height=\"800\" src=\"https:\/\/ec2-35-159-55-73.eu-central-1.compute.amazonaws.com\/wp-content\/uploads\/2025\/02\/Gemini_Generated_Image_nh758mnh758mnh75-1024x1024.jpeg\" class=\"attachment-large size-large wp-image-956\" alt=\"\" srcset=\"https:\/\/ec2-35-159-55-73.eu-central-1.compute.amazonaws.com\/wp-content\/uploads\/2025\/02\/Gemini_Generated_Image_nh758mnh758mnh75-1024x1024.jpeg 1024w, https:\/\/ec2-35-159-55-73.eu-central-1.compute.amazonaws.com\/wp-content\/uploads\/2025\/02\/Gemini_Generated_Image_nh758mnh758mnh75-300x300.jpeg 300w, https:\/\/ec2-35-159-55-73.eu-central-1.compute.amazonaws.com\/wp-content\/uploads\/2025\/02\/Gemini_Generated_Image_nh758mnh758mnh75-150x150.jpeg 150w, https:\/\/ec2-35-159-55-73.eu-central-1.compute.amazonaws.com\/wp-content\/uploads\/2025\/02\/Gemini_Generated_Image_nh758mnh758mnh75-768x768.jpeg 768w, https:\/\/ec2-35-159-55-73.eu-central-1.compute.amazonaws.com\/wp-content\/uploads\/2025\/02\/Gemini_Generated_Image_nh758mnh758mnh75-1536x1536.jpeg 1536w, https:\/\/ec2-35-159-55-73.eu-central-1.compute.amazonaws.com\/wp-content\/uploads\/2025\/02\/Gemini_Generated_Image_nh758mnh758mnh75-12x12.jpeg 12w, https:\/\/ec2-35-159-55-73.eu-central-1.compute.amazonaws.com\/wp-content\/uploads\/2025\/02\/Gemini_Generated_Image_nh758mnh758mnh75.jpeg 2048w\" sizes=\"(max-width: 800px) 100vw, 800px\" \/>\t\t\t\t\t\t\t\t\t\t\t\t\t\t\t<\/div>\n\t\t\t\t<\/div>\n\t\t\t\t<\/div>\n\t\t<div class=\"elementor-element elementor-element-e2bf097 e-con-full e-flex e-con e-child\" data-id=\"e2bf097\" data-element_type=\"container\">\n\t\t\t\t<div class=\"elementor-element elementor-element-a17a410 elementor-widget elementor-widget-text-editor\" data-id=\"a17a410\" data-element_type=\"widget\" data-widget_type=\"text-editor.default\">\n\t\t\t\t<div class=\"elementor-widget-container\">\n\t\t\t\t\t\t\t\t\t<h3 data-start=\"1325\" data-end=\"1372\"><strong data-start=\"1329\" data-end=\"1370\">F\u00fcr wen ist unser Newsletter gedacht?<\/strong><\/h3><p data-start=\"1373\" data-end=\"1556\">Ob Sie Unternehmer\/in, Entscheider\/in oder Technologie-Enthusiast\/in sind \u2013 dieser Newsletter ist f\u00fcr alle, die die Chancen von KI nicht nur beobachten, sondern aktiv nutzen wollen.<\/p><p data-start=\"1558\" data-end=\"1757\" data-is-last-node=\"\">\ud83d\udd17 <strong data-start=\"1561\" data-end=\"1605\">Jetzt abonnieren und informiert bleiben!<\/strong><br data-start=\"1605\" data-end=\"1608\" \/>Lassen Sie sich die wichtigsten KI-News nicht entgehen \u2013 direkt und exklusiv in Ihr Postfach.\u00a0 \u00a0 \u00a0 \u00a0 \u00a0 \u00a0 \u00a0 \u00a0 \u00a0 \u00a0 \u00a0 \u00a0 \u00a0 \u00a0 \u00a0 \u00a0 \u00a0 \u00a0 \u00a0 \u00a0 \u00a0 \u00a0 \u00a0 \u00a0 \u00a0 \u00a0<\/p><p data-start=\"1558\" data-end=\"1757\" data-is-last-node=\"\">\u00a0<\/p><p data-start=\"1558\" data-end=\"1757\" data-is-last-node=\"\"><strong data-start=\"1702\" data-end=\"1754\">Jetzt anmelden und den Wissensvorsprung sichern!<\/strong> \ud83d\ude80<\/p>\t\t\t\t\t\t\t\t<\/div>\n\t\t\t\t<\/div>\n\t\t\t\t<\/div>\n\t\t\t\t\t<\/div>\n\t\t\t\t<\/div>\n\t\t<div class=\"elementor-element elementor-element-3403a25 e-flex e-con-boxed e-con e-parent\" data-id=\"3403a25\" data-element_type=\"container\">\n\t\t\t\t\t<div class=\"e-con-inner\">\n\t\t\t\t\t<\/div>\n\t\t\t\t<\/div>\n\t\t<div class=\"elementor-element elementor-element-446702b e-flex e-con-boxed e-con e-parent\" data-id=\"446702b\" data-element_type=\"container\">\n\t\t\t\t\t<div class=\"e-con-inner\">\n\t\t\t\t<div class=\"elementor-element elementor-element-7f40bc3 elementor-widget elementor-widget-text-editor\" data-id=\"7f40bc3\" data-element_type=\"widget\" data-widget_type=\"text-editor.default\">\n\t\t\t\t<div class=\"elementor-widget-container\">\n\t\t\t\t\t\t\t\t\t<p>Lorem ipsum dolor sit amet, consectetur adipiscing elit. Ut elit tellus, luctus nec ullamcorper mattis, pulvinar dapibus leo.<\/p>\t\t\t\t\t\t\t\t<\/div>\n\t\t\t\t<\/div>\n\t\t\t\t\t<\/div>\n\t\t\t\t<\/div>\n\t\t<div class=\"elementor-element elementor-element-f2595f9 e-flex e-con-boxed e-con e-parent\" data-id=\"f2595f9\" data-element_type=\"container\">\n\t\t\t\t\t<div class=\"e-con-inner\">\n\t\t\t\t<div class=\"elementor-element elementor-element-b681be7 elementor-widget elementor-widget-heading\" data-id=\"b681be7\" data-element_type=\"widget\" data-widget_type=\"heading.default\">\n\t\t\t\t<div class=\"elementor-widget-container\">\n\t\t\t\t\t<h2 class=\"elementor-heading-title elementor-size-default\">Add Your Heading Text Here<\/h2>\t\t\t\t<\/div>\n\t\t\t\t<\/div>\n\t\t\t\t\t<\/div>\n\t\t\t\t<\/div>\n\t\t<div class=\"elementor-element elementor-element-0d477a9 e-flex e-con-boxed e-con e-parent\" data-id=\"0d477a9\" data-element_type=\"container\">\n\t\t\t\t\t<div class=\"e-con-inner\">\n\t\t\t\t<div class=\"elementor-element elementor-element-3f24d50 elementor-widget elementor-widget-text-editor\" data-id=\"3f24d50\" data-element_type=\"widget\" data-widget_type=\"text-editor.default\">\n\t\t\t\t<div class=\"elementor-widget-container\">\n\t\t\t\t\t\t\t\t\t<p>Lorem ipsum dolor sit amet, consectetur adipiscing elit. Ut elit tellus, luctus nec ullamcorper mattis, pulvinar dapibus leo.<\/p>\t\t\t\t\t\t\t\t<\/div>\n\t\t\t\t<\/div>\n\t\t\t\t\t<\/div>\n\t\t\t\t<\/div>\n\t\t\t\t<\/div>\n\t\t","protected":false},"excerpt":{"rendered":"<p>Warum sich unser Newsletter lohnt: ihr Wissensvorsprung in der KI-Welt! Die Welt ver\u00e4ndert sich rasant \u2013 und mit ihr die M\u00f6glichkeiten der K\u00fcnstlichen Intelligenz. Doch wer beh\u00e4lt den \u00dcberblick zwischen Hype und echter Innovation? Genau hier setzt iseremo an:Unser Newsletter liefert Ihnen kompakte, verst\u00e4ndliche und praxisnahe Einblicke in aktuelle KI-Trends, Entwicklungen und Use Cases. Worum [&hellip;]<\/p>\n","protected":false},"author":7,"featured_media":0,"parent":873,"menu_order":0,"comment_status":"closed","ping_status":"closed","template":"elementor_theme","meta":{"_mo_disable_npp":"","footnotes":""},"class_list":["post-951","page","type-page","status-publish","hentry"],"yoast_head":"<!-- This site is optimized with the Yoast SEO plugin v26.6 - https:\/\/yoast.com\/wordpress\/plugins\/seo\/ -->\n<title>KI-Trends &amp; Innovationen \u2013 Ihr Wissensvorsprung | iseremo GmbH<\/title>\n<meta name=\"description\" content=\"Erhalten Sie aktuelle KI-Trends, Use Cases und Einblicke in die Zukunft der K\u00fcnstlichen Intelligenz.\" \/>\n<meta name=\"robots\" content=\"index, follow, max-snippet:-1, max-image-preview:large, max-video-preview:-1\" \/>\n<link rel=\"canonical\" href=\"https:\/\/ec2-35-159-55-73.eu-central-1.compute.amazonaws.com\/de\/blog\/ihr-wissensvorsprung-in-der-ki-welt\/\" \/>\n<meta property=\"og:locale\" content=\"de_DE\" \/>\n<meta property=\"og:type\" content=\"article\" \/>\n<meta property=\"og:title\" content=\"KI-Trends &amp; Innovationen \u2013 Ihr Wissensvorsprung | iseremo GmbH\" \/>\n<meta property=\"og:description\" content=\"Erhalten Sie aktuelle KI-Trends, Use Cases und Einblicke in die Zukunft der K\u00fcnstlichen Intelligenz.\" \/>\n<meta property=\"og:url\" content=\"https:\/\/ec2-35-159-55-73.eu-central-1.compute.amazonaws.com\/de\/blog\/ihr-wissensvorsprung-in-der-ki-welt\/\" \/>\n<meta property=\"og:site_name\" content=\"iseremo GmbH\" \/>\n<meta property=\"article:modified_time\" content=\"2025-10-23T22:56:10+00:00\" \/>\n<meta property=\"og:image\" content=\"https:\/\/iseremo.com\/wp-content\/uploads\/2025\/02\/Gemini_Generated_Image_nh758mnh758mnh75-1024x1024.jpeg\" \/>\n<meta name=\"twitter:card\" content=\"summary_large_image\" \/>\n<meta name=\"twitter:label1\" content=\"Gesch\u00e4tzte Lesezeit\" \/>\n\t<meta name=\"twitter:data1\" content=\"2\u00a0Minuten\" \/>\n<script type=\"application\/ld+json\" class=\"yoast-schema-graph\">{\"@context\":\"https:\/\/schema.org\",\"@graph\":[{\"@type\":\"WebPage\",\"@id\":\"https:\/\/ec2-35-159-55-73.eu-central-1.compute.amazonaws.com\/de\/blog\/ihr-wissensvorsprung-in-der-ki-welt\/\",\"url\":\"https:\/\/ec2-35-159-55-73.eu-central-1.compute.amazonaws.com\/de\/blog\/ihr-wissensvorsprung-in-der-ki-welt\/\",\"name\":\"KI-Trends & Innovationen \u2013 Ihr Wissensvorsprung | iseremo GmbH\",\"isPartOf\":{\"@id\":\"https:\/\/iseremo.com\/de\/#website\"},\"primaryImageOfPage\":{\"@id\":\"https:\/\/ec2-35-159-55-73.eu-central-1.compute.amazonaws.com\/de\/blog\/ihr-wissensvorsprung-in-der-ki-welt\/#primaryimage\"},\"image\":{\"@id\":\"https:\/\/ec2-35-159-55-73.eu-central-1.compute.amazonaws.com\/de\/blog\/ihr-wissensvorsprung-in-der-ki-welt\/#primaryimage\"},\"thumbnailUrl\":\"https:\/\/iseremo.com\/wp-content\/uploads\/2025\/02\/Gemini_Generated_Image_nh758mnh758mnh75-1024x1024.jpeg\",\"datePublished\":\"2025-02-11T12:26:36+00:00\",\"dateModified\":\"2025-10-23T22:56:10+00:00\",\"description\":\"Erhalten Sie aktuelle KI-Trends, Use Cases und Einblicke in die Zukunft der K\u00fcnstlichen Intelligenz.\",\"breadcrumb\":{\"@id\":\"https:\/\/ec2-35-159-55-73.eu-central-1.compute.amazonaws.com\/de\/blog\/ihr-wissensvorsprung-in-der-ki-welt\/#breadcrumb\"},\"inLanguage\":\"de\",\"potentialAction\":[{\"@type\":\"ReadAction\",\"target\":[\"https:\/\/ec2-35-159-55-73.eu-central-1.compute.amazonaws.com\/de\/blog\/ihr-wissensvorsprung-in-der-ki-welt\/\"]}]},{\"@type\":\"ImageObject\",\"inLanguage\":\"de\",\"@id\":\"https:\/\/ec2-35-159-55-73.eu-central-1.compute.amazonaws.com\/de\/blog\/ihr-wissensvorsprung-in-der-ki-welt\/#primaryimage\",\"url\":\"https:\/\/iseremo.com\/wp-content\/uploads\/2025\/02\/Gemini_Generated_Image_nh758mnh758mnh75-1024x1024.jpeg\",\"contentUrl\":\"https:\/\/iseremo.com\/wp-content\/uploads\/2025\/02\/Gemini_Generated_Image_nh758mnh758mnh75-1024x1024.jpeg\"},{\"@type\":\"BreadcrumbList\",\"@id\":\"https:\/\/ec2-35-159-55-73.eu-central-1.compute.amazonaws.com\/de\/blog\/ihr-wissensvorsprung-in-der-ki-welt\/#breadcrumb\",\"itemListElement\":[{\"@type\":\"ListItem\",\"position\":1,\"name\":\"Home\",\"item\":\"https:\/\/iseremo.com\/de\/\"},{\"@type\":\"ListItem\",\"position\":2,\"name\":\"Blog\",\"item\":\"https:\/\/iseremo.com\/de\/blog\/\"},{\"@type\":\"ListItem\",\"position\":3,\"name\":\"Ihr Wissensvorsprung in der KI-Welt\"}]},{\"@type\":\"WebSite\",\"@id\":\"https:\/\/iseremo.com\/de\/#website\",\"url\":\"https:\/\/iseremo.com\/de\/\",\"name\":\"iseremo GmbH\",\"description\":\"Ihr Partner f\u00fcr digitale Transformation und IT-Dienstleistungen. Wir bieten ma\u00dfgeschneiderte L\u00f6sungen f\u00fcr Ihr Unternehmen.\",\"publisher\":{\"@id\":\"https:\/\/iseremo.com\/de\/#organization\"},\"potentialAction\":[{\"@type\":\"SearchAction\",\"target\":{\"@type\":\"EntryPoint\",\"urlTemplate\":\"https:\/\/iseremo.com\/de\/?s={search_term_string}\"},\"query-input\":{\"@type\":\"PropertyValueSpecification\",\"valueRequired\":true,\"valueName\":\"search_term_string\"}}],\"inLanguage\":\"de\"},{\"@type\":\"Organization\",\"@id\":\"https:\/\/iseremo.com\/de\/#organization\",\"name\":\"iseremo GmbH\",\"url\":\"https:\/\/iseremo.com\/de\/\",\"logo\":{\"@type\":\"ImageObject\",\"inLanguage\":\"de\",\"@id\":\"https:\/\/iseremo.com\/de\/#\/schema\/logo\/image\/\",\"url\":\"https:\/\/iseremo.com\/wp-content\/uploads\/2024\/12\/logo_only.png\",\"contentUrl\":\"https:\/\/iseremo.com\/wp-content\/uploads\/2024\/12\/logo_only.png\",\"width\":680,\"height\":191,\"caption\":\"iseremo GmbH\"},\"image\":{\"@id\":\"https:\/\/iseremo.com\/de\/#\/schema\/logo\/image\/\"},\"sameAs\":[\"https:\/\/www.linkedin.com\/company\/iseremo\/posts\/?feedView=all\",\"https:\/\/www.xing.com\/pages\/iseremo-gmbh\"]}]}<\/script>\n<!-- \/ Yoast SEO plugin. -->","yoast_head_json":{"title":"KI-Trends & Innovationen \u2013 Ihr Wissensvorsprung | iseremo GmbH","description":"Erhalten Sie aktuelle KI-Trends, Use Cases und Einblicke in die Zukunft der K\u00fcnstlichen Intelligenz.","robots":{"index":"index","follow":"follow","max-snippet":"max-snippet:-1","max-image-preview":"max-image-preview:large","max-video-preview":"max-video-preview:-1"},"canonical":"https:\/\/ec2-35-159-55-73.eu-central-1.compute.amazonaws.com\/de\/blog\/ihr-wissensvorsprung-in-der-ki-welt\/","og_locale":"de_DE","og_type":"article","og_title":"KI-Trends & Innovationen \u2013 Ihr Wissensvorsprung | iseremo GmbH","og_description":"Erhalten Sie aktuelle KI-Trends, Use Cases und Einblicke in die Zukunft der K\u00fcnstlichen Intelligenz.","og_url":"https:\/\/ec2-35-159-55-73.eu-central-1.compute.amazonaws.com\/de\/blog\/ihr-wissensvorsprung-in-der-ki-welt\/","og_site_name":"iseremo GmbH","article_modified_time":"2025-10-23T22:56:10+00:00","og_image":[{"url":"https:\/\/iseremo.com\/wp-content\/uploads\/2025\/02\/Gemini_Generated_Image_nh758mnh758mnh75-1024x1024.jpeg","type":"","width":"","height":""}],"twitter_card":"summary_large_image","twitter_misc":{"Gesch\u00e4tzte Lesezeit":"2\u00a0Minuten"},"schema":{"@context":"https:\/\/schema.org","@graph":[{"@type":"WebPage","@id":"https:\/\/ec2-35-159-55-73.eu-central-1.compute.amazonaws.com\/de\/blog\/ihr-wissensvorsprung-in-der-ki-welt\/","url":"https:\/\/ec2-35-159-55-73.eu-central-1.compute.amazonaws.com\/de\/blog\/ihr-wissensvorsprung-in-der-ki-welt\/","name":"KI-Trends & Innovationen \u2013 Ihr Wissensvorsprung | iseremo GmbH","isPartOf":{"@id":"https:\/\/iseremo.com\/de\/#website"},"primaryImageOfPage":{"@id":"https:\/\/ec2-35-159-55-73.eu-central-1.compute.amazonaws.com\/de\/blog\/ihr-wissensvorsprung-in-der-ki-welt\/#primaryimage"},"image":{"@id":"https:\/\/ec2-35-159-55-73.eu-central-1.compute.amazonaws.com\/de\/blog\/ihr-wissensvorsprung-in-der-ki-welt\/#primaryimage"},"thumbnailUrl":"https:\/\/iseremo.com\/wp-content\/uploads\/2025\/02\/Gemini_Generated_Image_nh758mnh758mnh75-1024x1024.jpeg","datePublished":"2025-02-11T12:26:36+00:00","dateModified":"2025-10-23T22:56:10+00:00","description":"Erhalten Sie aktuelle KI-Trends, Use Cases und Einblicke in die Zukunft der K\u00fcnstlichen Intelligenz.","breadcrumb":{"@id":"https:\/\/ec2-35-159-55-73.eu-central-1.compute.amazonaws.com\/de\/blog\/ihr-wissensvorsprung-in-der-ki-welt\/#breadcrumb"},"inLanguage":"de","potentialAction":[{"@type":"ReadAction","target":["https:\/\/ec2-35-159-55-73.eu-central-1.compute.amazonaws.com\/de\/blog\/ihr-wissensvorsprung-in-der-ki-welt\/"]}]},{"@type":"ImageObject","inLanguage":"de","@id":"https:\/\/ec2-35-159-55-73.eu-central-1.compute.amazonaws.com\/de\/blog\/ihr-wissensvorsprung-in-der-ki-welt\/#primaryimage","url":"https:\/\/iseremo.com\/wp-content\/uploads\/2025\/02\/Gemini_Generated_Image_nh758mnh758mnh75-1024x1024.jpeg","contentUrl":"https:\/\/iseremo.com\/wp-content\/uploads\/2025\/02\/Gemini_Generated_Image_nh758mnh758mnh75-1024x1024.jpeg"},{"@type":"BreadcrumbList","@id":"https:\/\/ec2-35-159-55-73.eu-central-1.compute.amazonaws.com\/de\/blog\/ihr-wissensvorsprung-in-der-ki-welt\/#breadcrumb","itemListElement":[{"@type":"ListItem","position":1,"name":"Home","item":"https:\/\/iseremo.com\/de\/"},{"@type":"ListItem","position":2,"name":"Blog","item":"https:\/\/iseremo.com\/de\/blog\/"},{"@type":"ListItem","position":3,"name":"Ihr Wissensvorsprung in der KI-Welt"}]},{"@type":"WebSite","@id":"https:\/\/iseremo.com\/de\/#website","url":"https:\/\/iseremo.com\/de\/","name":"iseremo GmbH","description":"Ihr Partner f\u00fcr digitale Transformation und IT-Dienstleistungen. Wir bieten ma\u00dfgeschneiderte L\u00f6sungen f\u00fcr Ihr Unternehmen.","publisher":{"@id":"https:\/\/iseremo.com\/de\/#organization"},"potentialAction":[{"@type":"SearchAction","target":{"@type":"EntryPoint","urlTemplate":"https:\/\/iseremo.com\/de\/?s={search_term_string}"},"query-input":{"@type":"PropertyValueSpecification","valueRequired":true,"valueName":"search_term_string"}}],"inLanguage":"de"},{"@type":"Organization","@id":"https:\/\/iseremo.com\/de\/#organization","name":"iseremo GmbH","url":"https:\/\/iseremo.com\/de\/","logo":{"@type":"ImageObject","inLanguage":"de","@id":"https:\/\/iseremo.com\/de\/#\/schema\/logo\/image\/","url":"https:\/\/iseremo.com\/wp-content\/uploads\/2024\/12\/logo_only.png","contentUrl":"https:\/\/iseremo.com\/wp-content\/uploads\/2024\/12\/logo_only.png","width":680,"height":191,"caption":"iseremo GmbH"},"image":{"@id":"https:\/\/iseremo.com\/de\/#\/schema\/logo\/image\/"},"sameAs":["https:\/\/www.linkedin.com\/company\/iseremo\/posts\/?feedView=all","https:\/\/www.xing.com\/pages\/iseremo-gmbh"]}]}},"_links":{"self":[{"href":"https:\/\/iseremo.com\/de\/wp-json\/wp\/v2\/pages\/951","targetHints":{"allow":["GET"]}}],"collection":[{"href":"https:\/\/iseremo.com\/de\/wp-json\/wp\/v2\/pages"}],"about":[{"href":"https:\/\/iseremo.com\/de\/wp-json\/wp\/v2\/types\/page"}],"author":[{"embeddable":true,"href":"https:\/\/iseremo.com\/de\/wp-json\/wp\/v2\/users\/7"}],"replies":[{"embeddable":true,"href":"https:\/\/iseremo.com\/de\/wp-json\/wp\/v2\/comments?post=951"}],"version-history":[{"count":37,"href":"https:\/\/iseremo.com\/de\/wp-json\/wp\/v2\/pages\/951\/revisions"}],"predecessor-version":[{"id":1710,"href":"https:\/\/iseremo.com\/de\/wp-json\/wp\/v2\/pages\/951\/revisions\/1710"}],"up":[{"embeddable":true,"href":"https:\/\/iseremo.com\/de\/wp-json\/wp\/v2\/pages\/873"}],"wp:attachment":[{"href":"https:\/\/iseremo.com\/de\/wp-json\/wp\/v2\/media?parent=951"}],"curies":[{"name":"wp","href":"https:\/\/api.w.org\/{rel}","templated":true}]}}