{"id":51,"date":"2025-01-29T02:06:04","date_gmt":"2025-01-29T01:06:04","guid":{"rendered":"http:\/\/35.159.55.73\/?page_id=51"},"modified":"2025-10-23T23:20:39","modified_gmt":"2025-10-23T22:20:39","slug":"impressum","status":"publish","type":"page","link":"https:\/\/iseremo.com\/en\/impressum\/","title":{"rendered":"Imprint"},"content":{"rendered":"<div data-elementor-type=\"wp-page\" data-elementor-id=\"51\" class=\"elementor elementor-51\" data-elementor-post-type=\"page\">\n\t\t\t\t<div class=\"elementor-element elementor-element-04e1b7e e-flex e-con-boxed e-con e-parent\" data-id=\"04e1b7e\" data-element_type=\"container\">\n\t\t\t\t\t<div class=\"e-con-inner\">\n\t\t\t\t<div class=\"elementor-element elementor-element-9a5c237 elementor-widget elementor-widget-text-editor\" data-id=\"9a5c237\" data-element_type=\"widget\" data-widget_type=\"text-editor.default\">\n\t\t\t\t<div class=\"elementor-widget-container\">\n\t\t\t\t\t\t\t\t\t<h2 data-fontsize=\"54\" data-lineheight=\"61.56px\">\u00a0<\/h2><h2 style=\"margin-top: 0px; margin-bottom: 0.5rem; font-family: 'DM Sans', sans-serif; color: #2f354d; font-size: 46px; line-height: 58px;\" data-fontsize=\"54\" data-lineheight=\"61.56px\">Imprint<\/h2><h3><span style=\"color: #003366;\">Angaben gem\u00e4\u00df \u00a7 5 TMG<\/span><\/h3><p><span style=\"font-weight: 400;\">iseremo GmbH<\/span><span style=\"font-weight: 400;\"><br \/><\/span><span style=\"font-weight: 400;\">M\u00fcnsterstra\u00dfe 126<\/span><span style=\"font-weight: 400;\"><br \/><\/span><span style=\"font-weight: 400;\">40476 D\u00fcsseldorf<\/span><\/p><p>Registergericht:<span style=\"font-weight: 400;\"> Amtsgericht D\u00fcsseldorf<\/span><span style=\"font-weight: 400;\"><br \/><\/span>Registernummer:<span style=\"font-weight: 400;\"> HRB 92653<\/span><\/p><p>Gesch\u00e4ftsf\u00fchrer<b><br \/><\/b><span style=\"font-weight: 400;\">Erzen Hyko<\/span><\/p><h3><span style=\"color: #003366;\">Contact<\/span><\/h3><p><span style=\"font-weight: 400;\">E-Mail: info at iseremo.com<\/span><\/p><h3>\u00a0<\/h3><h3><span style=\"color: #003366;\">Umsatzsteuer-ID<\/span><\/h3><p><span style=\"font-weight: 400;\">Umsatzsteuer-Identifikationsnummer gem\u00e4\u00df \u00a7 27 a Umsatzsteuergesetz:<\/span><span style=\"font-weight: 400;\"><br \/><\/span><span style=\"font-weight: 400;\">DE343491925<\/span><\/p><p><span style=\"font-weight: 400;\">\u00a0<\/span><\/p><h3><span style=\"color: #003366;\">Angaben zur Berufshaftpflichtversicherung<\/span><\/h3><h5><span style=\"color: #003366;\">Name und Sitz des Versicherers:<\/span><\/h5><p><span style=\"font-weight: 400;\">Hiscox Europe Underwriting Limited<\/span><span style=\"font-weight: 400;\"><br \/><\/span><span style=\"font-weight: 400;\">Zweigniederlassung f\u00fcr die Bundesrepublik Deutschland<\/span><span style=\"font-weight: 400;\"><br \/><\/span><span style=\"font-weight: 400;\">Arnulfstra\u00dfe 31<\/span><span style=\"font-weight: 400;\"><br \/><\/span><span style=\"font-weight: 400;\">80636 M\u00fcnchen<\/span><\/p><h5><span style=\"color: #003366;\">Geltungsraum der Versicherung:<\/span><\/h5><p><span style=\"font-weight: 400;\">Deutschland<\/span><\/p><p><span style=\"font-weight: 400;\">\u00a0<\/span><\/p><h3><span style=\"color: #003366;\">EU-Streitschlichtung<\/span><\/h3><p><span style=\"font-weight: 400;\">Die Europ\u00e4ische Kommission stellt eine Plattform zur Online-Streitbeilegung (OS) bereit:<\/span><span style=\"font-weight: 400;\"><br \/><\/span><a href=\"https:\/\/ec.europa.eu\/consumers\/odr\"><span style=\"font-weight: 400;\">https:\/\/ec.europa.eu\/consumers\/odr<\/span><\/a><span style=\"font-weight: 400;\">.<\/span><span style=\"font-weight: 400;\"><br \/><\/span><span style=\"font-weight: 400;\">Unsere E-Mail-Adresse finden Sie oben im Impressum.<\/span><\/p><p><span style=\"font-weight: 400;\">\u00a0<\/span><\/p><h3><span style=\"color: #003366;\">Verbraucher\u00adstreit\u00adbeilegung\/Universal\u00adschlichtungs\u00adstelle<\/span><\/h3><p>We<span style=\"font-weight: 400;\"> Wir sind nicht bereit oder verpflichtet, an Streitbeilegungsverfahren vor einer Verbraucherschlichtungsstelle teilzunehmen.<\/span><\/p><p><span style=\"font-weight: 400;\">\u00a0<\/span><\/p><h3><span style=\"color: #003366;\">Haftung f\u00fcr Inhalte<\/span><\/h3><p><span style=\"font-weight: 400;\">Als Diensteanbieter sind wir gem\u00e4\u00df \u00a7 7 Abs.1 TMG f\u00fcr eigene Inhalte auf diesen Seiten nach den allgemeinen Gesetzen verantwortlich. Nach \u00a7\u00a7 8 bis 10 TMG sind wir als Diensteanbieter jedoch nicht verpflichtet, \u00fcbermittelte oder gespeicherte fremde Informationen zu \u00fcberwachen oder nach Umst\u00e4nden zu forschen, die auf eine rechtswidrige T\u00e4tigkeit hinweisen.<\/span><\/p><p><span style=\"font-weight: 400;\">Verpflichtungen zur Entfernung oder Sperrung der Nutzung von Informationen nach den allgemeinen Gesetzen bleiben hiervon unber\u00fchrt. Eine diesbez\u00fcgliche Haftung ist jedoch erst ab dem Zeitpunkt der Kenntnis einer konkreten Rechtsverletzung m\u00f6glich. Bei Bekanntwerden von entsprechenden Rechtsverletzungen werden wir diese Inhalte umgehend entfernen.<\/span><\/p><p><span style=\"font-weight: 400;\">\u00a0<\/span><\/p><h3><span style=\"color: #003366;\">Haftung f\u00fcr Links<\/span><\/h3><p><span style=\"font-weight: 400;\">Unser Angebot enth\u00e4lt Links zu externen Websites Dritter, auf deren Inhalte wir keinen Einfluss haben. Deshalb k\u00f6nnen wir f\u00fcr diese fremden Inhalte auch keine Gew\u00e4hr \u00fcbernehmen. F\u00fcr die Inhalte der verlinkten Seiten ist stets der jeweilige Anbieter oder Betreiber der Seiten verantwortlich. Die verlinkten Seiten wurden zum Zeitpunkt der Verlinkung auf m\u00f6gliche Rechtsverst\u00f6\u00dfe \u00fcberpr\u00fcft. Rechtswidrige Inhalte waren zum Zeitpunkt der Verlinkung nicht erkennbar.<\/span><\/p><p><span style=\"font-weight: 400;\">Eine permanente inhaltliche Kontrolle der verlinkten Seiten ist jedoch ohne konkrete Anhaltspunkte einer Rechtsverletzung nicht zumutbar. Bei Bekanntwerden von Rechtsverletzungen werden wir derartige Links umgehend entfernen.<\/span><\/p><p><span style=\"font-weight: 400;\">\u00a0<\/span><\/p><h3><span style=\"color: #003366;\">Urheberrecht<\/span><\/h3><p><span style=\"font-weight: 400;\">Die durch die Seitenbetreiber erstellten Inhalte und Werke auf diesen Seiten unterliegen dem deutschen Urheberrecht. Die Vervielf\u00e4ltigung, Bearbeitung, Verbreitung und jede Art der Verwertung au\u00dferhalb der Grenzen des Urheberrechtes bed\u00fcrfen der schriftlichen Zustimmung des jeweiligen Autors bzw. Erstellers. Downloads und Kopien dieser Seite sind nur f\u00fcr den privaten, nicht kommerziellen Gebrauch gestattet.<\/span><\/p><p><span style=\"font-weight: 400;\">Soweit die Inhalte auf dieser Seite nicht vom Betreiber erstellt wurden, werden die Urheberrechte Dritter beachtet. Insbesondere werden Inhalte Dritter als solche gekennzeichnet. Sollten Sie trotzdem auf eine Urheberrechtsverletzung aufmerksam werden, bitten wir um einen entsprechenden Hinweis. Bei Bekanntwerden von Rechtsverletzungen werden wir derartige Inhalte umgehend entfernen.<\/span><\/p><p><b>Quelle:<\/b><a href=\"https:\/\/www.e-recht24.de\"> <span style=\"font-weight: 400;\">https:\/\/www.e-recht24.de<\/span><\/a><\/p>\t\t\t\t\t\t\t\t<\/div>\n\t\t\t\t<\/div>\n\t\t\t\t\t<\/div>\n\t\t\t\t<\/div>\n\t\t\t\t<\/div>","protected":false},"excerpt":{"rendered":"<p>Impressum Angaben gem\u00e4\u00df \u00a7 5 TMG iseremo GmbH M\u00fcnsterstra\u00dfe 126 40476 D\u00fcsseldorf Registergericht: Amtsgericht D\u00fcsseldorf Registernummer: HRB 92653 Gesch\u00e4ftsf\u00fchrer Erzen Hyko Kontakt E-Mail: info at iseremo.com Umsatzsteuer-ID Umsatzsteuer-Identifikationsnummer gem\u00e4\u00df \u00a7 27 a Umsatzsteuergesetz: DE343491925 Angaben zur Berufshaftpflichtversicherung Name und Sitz des Versicherers: Hiscox Europe Underwriting Limited Zweigniederlassung f\u00fcr die Bundesrepublik Deutschland Arnulfstra\u00dfe 31 80636 M\u00fcnchen [&hellip;]<\/p>","protected":false},"author":7,"featured_media":0,"parent":0,"menu_order":0,"comment_status":"closed","ping_status":"closed","template":"","meta":{"_mo_disable_npp":"","footnotes":""},"class_list":["post-51","page","type-page","status-publish","hentry"],"yoast_head":"<!-- This site is optimized with the Yoast SEO plugin v26.6 - https:\/\/yoast.com\/wordpress\/plugins\/seo\/ -->\n<title>Impressum | iseremo GmbH<\/title>\n<meta name=\"description\" content=\"Rechtliche Informationen und Unternehmensdaten der iseremo GmbH. Hier finden Sie unsere Kontaktdaten und Verantwortlichen.\" \/>\n<meta name=\"robots\" content=\"index, follow, max-snippet:-1, max-image-preview:large, max-video-preview:-1\" \/>\n<link rel=\"canonical\" href=\"https:\/\/iseremo.com\/en\/impressum\/\" \/>\n<meta property=\"og:locale\" content=\"en_US\" \/>\n<meta property=\"og:type\" content=\"article\" \/>\n<meta property=\"og:title\" content=\"Impressum | iseremo GmbH\" \/>\n<meta property=\"og:description\" content=\"Rechtliche Informationen und Unternehmensdaten der iseremo GmbH. Hier finden Sie unsere Kontaktdaten und Verantwortlichen.\" \/>\n<meta property=\"og:url\" content=\"https:\/\/iseremo.com\/en\/impressum\/\" \/>\n<meta property=\"og:site_name\" content=\"iseremo GmbH\" \/>\n<meta property=\"article:modified_time\" content=\"2025-10-23T22:20:39+00:00\" \/>\n<meta name=\"twitter:card\" content=\"summary_large_image\" \/>\n<meta name=\"twitter:label1\" content=\"Est. reading time\" \/>\n\t<meta name=\"twitter:data1\" content=\"2 minutes\" \/>\n<script type=\"application\/ld+json\" class=\"yoast-schema-graph\">{\"@context\":\"https:\/\/schema.org\",\"@graph\":[{\"@type\":\"WebPage\",\"@id\":\"https:\/\/iseremo.com\/en\/impressum\/\",\"url\":\"https:\/\/iseremo.com\/en\/impressum\/\",\"name\":\"Impressum | iseremo GmbH\",\"isPartOf\":{\"@id\":\"https:\/\/iseremo.com\/de\/#website\"},\"datePublished\":\"2025-01-29T01:06:04+00:00\",\"dateModified\":\"2025-10-23T22:20:39+00:00\",\"description\":\"Rechtliche Informationen und Unternehmensdaten der iseremo GmbH. Hier finden Sie unsere Kontaktdaten und Verantwortlichen.\",\"breadcrumb\":{\"@id\":\"https:\/\/iseremo.com\/en\/impressum\/#breadcrumb\"},\"inLanguage\":\"en-US\",\"potentialAction\":[{\"@type\":\"ReadAction\",\"target\":[\"https:\/\/iseremo.com\/en\/impressum\/\"]}]},{\"@type\":\"BreadcrumbList\",\"@id\":\"https:\/\/iseremo.com\/en\/impressum\/#breadcrumb\",\"itemListElement\":[{\"@type\":\"ListItem\",\"position\":1,\"name\":\"Home\",\"item\":\"https:\/\/iseremo.com\/de\/\"},{\"@type\":\"ListItem\",\"position\":2,\"name\":\"Impressum\"}]},{\"@type\":\"WebSite\",\"@id\":\"https:\/\/iseremo.com\/de\/#website\",\"url\":\"https:\/\/iseremo.com\/de\/\",\"name\":\"iseremo GmbH\",\"description\":\"Ihr Partner f\u00fcr digitale Transformation und IT-Dienstleistungen. Wir bieten ma\u00dfgeschneiderte L\u00f6sungen f\u00fcr Ihr Unternehmen.\",\"publisher\":{\"@id\":\"https:\/\/iseremo.com\/de\/#organization\"},\"potentialAction\":[{\"@type\":\"SearchAction\",\"target\":{\"@type\":\"EntryPoint\",\"urlTemplate\":\"https:\/\/iseremo.com\/de\/?s={search_term_string}\"},\"query-input\":{\"@type\":\"PropertyValueSpecification\",\"valueRequired\":true,\"valueName\":\"search_term_string\"}}],\"inLanguage\":\"en-US\"},{\"@type\":\"Organization\",\"@id\":\"https:\/\/iseremo.com\/de\/#organization\",\"name\":\"iseremo GmbH\",\"url\":\"https:\/\/iseremo.com\/de\/\",\"logo\":{\"@type\":\"ImageObject\",\"inLanguage\":\"en-US\",\"@id\":\"https:\/\/iseremo.com\/de\/#\/schema\/logo\/image\/\",\"url\":\"https:\/\/iseremo.com\/wp-content\/uploads\/2024\/12\/logo_only.png\",\"contentUrl\":\"https:\/\/iseremo.com\/wp-content\/uploads\/2024\/12\/logo_only.png\",\"width\":680,\"height\":191,\"caption\":\"iseremo GmbH\"},\"image\":{\"@id\":\"https:\/\/iseremo.com\/de\/#\/schema\/logo\/image\/\"},\"sameAs\":[\"https:\/\/www.linkedin.com\/company\/iseremo\/posts\/?feedView=all\",\"https:\/\/www.xing.com\/pages\/iseremo-gmbh\"]}]}<\/script>\n<!-- \/ Yoast SEO plugin. -->","yoast_head_json":{"title":"Impressum | iseremo GmbH","description":"Rechtliche Informationen und Unternehmensdaten der iseremo GmbH. Hier finden Sie unsere Kontaktdaten und Verantwortlichen.","robots":{"index":"index","follow":"follow","max-snippet":"max-snippet:-1","max-image-preview":"max-image-preview:large","max-video-preview":"max-video-preview:-1"},"canonical":"https:\/\/iseremo.com\/en\/impressum\/","og_locale":"en_US","og_type":"article","og_title":"Impressum | iseremo GmbH","og_description":"Rechtliche Informationen und Unternehmensdaten der iseremo GmbH. Hier finden Sie unsere Kontaktdaten und Verantwortlichen.","og_url":"https:\/\/iseremo.com\/en\/impressum\/","og_site_name":"iseremo GmbH","article_modified_time":"2025-10-23T22:20:39+00:00","twitter_card":"summary_large_image","twitter_misc":{"Est. reading time":"2 minutes"},"schema":{"@context":"https:\/\/schema.org","@graph":[{"@type":"WebPage","@id":"https:\/\/iseremo.com\/en\/impressum\/","url":"https:\/\/iseremo.com\/en\/impressum\/","name":"Impressum | iseremo GmbH","isPartOf":{"@id":"https:\/\/iseremo.com\/de\/#website"},"datePublished":"2025-01-29T01:06:04+00:00","dateModified":"2025-10-23T22:20:39+00:00","description":"Rechtliche Informationen und Unternehmensdaten der iseremo GmbH. Hier finden Sie unsere Kontaktdaten und Verantwortlichen.","breadcrumb":{"@id":"https:\/\/iseremo.com\/en\/impressum\/#breadcrumb"},"inLanguage":"en-US","potentialAction":[{"@type":"ReadAction","target":["https:\/\/iseremo.com\/en\/impressum\/"]}]},{"@type":"BreadcrumbList","@id":"https:\/\/iseremo.com\/en\/impressum\/#breadcrumb","itemListElement":[{"@type":"ListItem","position":1,"name":"Home","item":"https:\/\/iseremo.com\/de\/"},{"@type":"ListItem","position":2,"name":"Impressum"}]},{"@type":"WebSite","@id":"https:\/\/iseremo.com\/de\/#website","url":"https:\/\/iseremo.com\/de\/","name":"iseremo GmbH","description":"Ihr Partner f\u00fcr digitale Transformation und IT-Dienstleistungen. Wir bieten ma\u00dfgeschneiderte L\u00f6sungen f\u00fcr Ihr Unternehmen.","publisher":{"@id":"https:\/\/iseremo.com\/de\/#organization"},"potentialAction":[{"@type":"SearchAction","target":{"@type":"EntryPoint","urlTemplate":"https:\/\/iseremo.com\/de\/?s={search_term_string}"},"query-input":{"@type":"PropertyValueSpecification","valueRequired":true,"valueName":"search_term_string"}}],"inLanguage":"en-US"},{"@type":"Organization","@id":"https:\/\/iseremo.com\/de\/#organization","name":"iseremo GmbH","url":"https:\/\/iseremo.com\/de\/","logo":{"@type":"ImageObject","inLanguage":"en-US","@id":"https:\/\/iseremo.com\/de\/#\/schema\/logo\/image\/","url":"https:\/\/iseremo.com\/wp-content\/uploads\/2024\/12\/logo_only.png","contentUrl":"https:\/\/iseremo.com\/wp-content\/uploads\/2024\/12\/logo_only.png","width":680,"height":191,"caption":"iseremo GmbH"},"image":{"@id":"https:\/\/iseremo.com\/de\/#\/schema\/logo\/image\/"},"sameAs":["https:\/\/www.linkedin.com\/company\/iseremo\/posts\/?feedView=all","https:\/\/www.xing.com\/pages\/iseremo-gmbh"]}]}},"_links":{"self":[{"href":"https:\/\/iseremo.com\/en\/wp-json\/wp\/v2\/pages\/51","targetHints":{"allow":["GET"]}}],"collection":[{"href":"https:\/\/iseremo.com\/en\/wp-json\/wp\/v2\/pages"}],"about":[{"href":"https:\/\/iseremo.com\/en\/wp-json\/wp\/v2\/types\/page"}],"author":[{"embeddable":true,"href":"https:\/\/iseremo.com\/en\/wp-json\/wp\/v2\/users\/7"}],"replies":[{"embeddable":true,"href":"https:\/\/iseremo.com\/en\/wp-json\/wp\/v2\/comments?post=51"}],"version-history":[{"count":30,"href":"https:\/\/iseremo.com\/en\/wp-json\/wp\/v2\/pages\/51\/revisions"}],"predecessor-version":[{"id":1704,"href":"https:\/\/iseremo.com\/en\/wp-json\/wp\/v2\/pages\/51\/revisions\/1704"}],"wp:attachment":[{"href":"https:\/\/iseremo.com\/en\/wp-json\/wp\/v2\/media?parent=51"}],"curies":[{"name":"wp","href":"https:\/\/api.w.org\/{rel}","templated":true}]}}