{"id":53,"date":"2025-01-29T01:58:53","date_gmt":"2025-01-29T00:58:53","guid":{"rendered":"http:\/\/35.159.55.73\/?page_id=53"},"modified":"2025-10-23T23:19:23","modified_gmt":"2025-10-23T22:19:23","slug":"imprint","status":"publish","type":"page","link":"https:\/\/iseremo.com\/en\/imprint\/","title":{"rendered":"Imprint"},"content":{"rendered":"<div data-elementor-type=\"wp-page\" data-elementor-id=\"53\" class=\"elementor elementor-53\" data-elementor-post-type=\"page\">\n\t\t\t\t<div class=\"elementor-element elementor-element-2b47aa0 e-con-full e-flex e-con e-parent\" data-id=\"2b47aa0\" data-element_type=\"container\">\n\t\t\t\t<div class=\"elementor-element elementor-element-6f6c9c5 elementor-widget elementor-widget-text-editor\" data-id=\"6f6c9c5\" data-element_type=\"widget\" data-widget_type=\"text-editor.default\">\n\t\t\t\t<div class=\"elementor-widget-container\">\n\t\t\t\t\t\t\t\t\t<h2 data-fontsize=\"54\" data-lineheight=\"61.56px\"><\/h2>\n<h2 style=\"margin-top: 0px; margin-bottom: 0.5rem; font-family: 'DM Sans', sans-serif; color: #2f354d; font-size: 46px; line-height: 58px;\" data-fontsize=\"54\" data-lineheight=\"61.56px\">Imprint<\/h2>\n<h3><span style=\"color: #003366;\">Information according to \u00a7 5 TMG<\/span><\/h3>\n<span style=\"font-weight: 400;\">iseremo GmbH<\/span><span style=\"font-weight: 400;\">\n<\/span><span style=\"font-weight: 400;\">M\u00fcnsterstra\u00dfe 126<\/span><span style=\"font-weight: 400;\">\n<\/span><span style=\"font-weight: 400;\">40476 D\u00fcsseldorf<\/span>\n\nRegistration Court:<span style=\"font-weight: 400;\"> District Court of D\u00fcsseldorf<\/span><span style=\"font-weight: 400;\">\n<\/span>Registration Number:<span style=\"font-weight: 400;\"> HRB 92653<\/span>\n\nManaging Director<b>\n<\/b><span style=\"font-weight: 400;\">Erzen Hyko<\/span>\n<h3><span style=\"color: #003366;\">Contact<\/span><\/h3>\n<span style=\"font-weight: 400;\">Email: info@iseremo.com<\/span>\n<h3><\/h3>\n<h3><span style=\"color: #003366;\">VAT ID<\/span><\/h3>\n<span style=\"font-weight: 400;\">VAT identification number according to \u00a7 27 a German VAT Act:<\/span><span style=\"font-weight: 400;\">\n<\/span><span style=\"font-weight: 400;\">DE343491925<\/span>\n\n<span style=\"font-weight: 400;\">\u00a0<\/span>\n<h3><span style=\"color: #003366;\">Professional Liability Insurance<\/span><\/h3>\n<h5><span style=\"color: #003366;\">Name and Registered Office of the Insurer:<\/span><\/h5>\n<span style=\"font-weight: 400;\">Hiscox Europe Underwriting Limited<\/span><span style=\"font-weight: 400;\">\n<\/span><span style=\"font-weight: 400;\">Branch Office for the Federal Republic of Germany<\/span><span style=\"font-weight: 400;\">\n<\/span><span style=\"font-weight: 400;\">Arnulfstra\u00dfe 31<\/span><span style=\"font-weight: 400;\">\n<\/span><span style=\"font-weight: 400;\">80636 Munich<\/span>\n<h5><span style=\"color: #003366;\">Scope of Insurance Coverage:<\/span><\/h5>\n<span style=\"font-weight: 400;\">Germany<\/span>\n\n<span style=\"font-weight: 400;\">\u00a0<\/span>\n<h3><span style=\"color: #003366;\">EU Online Dispute Resolution<\/span><\/h3>\n<span style=\"font-weight: 400;\">The European Commission provides a platform for online dispute resolution (ODR):<\/span><span style=\"font-weight: 400;\">\n<\/span><a href=\"https:\/\/ec.europa.eu\/consumers\/odr\"><span style=\"font-weight: 400;\">https:\/\/ec.europa.eu\/consumers\/odr<\/span><\/a><span style=\"font-weight: 400;\">.<\/span><span style=\"font-weight: 400;\">\n<\/span><span style=\"font-weight: 400;\">Our email address can be found above in the legal notice.<\/span>\n\n<span style=\"font-weight: 400;\">\u00a0<\/span>\n<h3><span style=\"color: #003366;\">Consumer Dispute Resolution \/ Universal Arbitration Board<\/span><\/h3>\nWe<span style=\"font-weight: 400;\"> are neither willing nor obligated to participate in dispute resolution proceedings before a consumer arbitration board.<\/span>\n\n<span style=\"font-weight: 400;\">\u00a0<\/span>\n<h3><span style=\"color: #003366;\">Liability for Content<\/span><\/h3>\n<span style=\"font-weight: 400;\">As a service provider, we are responsible for our own content on these pages according to \u00a7 7(1) TMG under general laws. However, according to \u00a7\u00a7 8 to 10 TMG, we are not obligated as a service provider to monitor transmitted or stored third-party information or to investigate circumstances indicating illegal activity.<\/span>\n\n<span style=\"font-weight: 400;\">Obligations to remove or block the use of information under general laws remain unaffected. However, liability in this regard is only possible from the time of knowledge of a specific legal violation. Upon becoming aware of such legal violations, we will remove this content immediately.<\/span>\n\n<span style=\"font-weight: 400;\">\u00a0<\/span>\n<h3><span style=\"color: #003366;\">Liability for Links<\/span><\/h3>\n<span style=\"font-weight: 400;\">Our website contains links to external third-party websites over whose content we have no influence. Therefore, we cannot assume any liability for these external contents. The respective provider or operator of the linked pages is always responsible for their content. The linked pages were checked for possible legal violations at the time of linking. Illegal content was not recognizable at the time of linking.<\/span>\n\n<span style=\"font-weight: 400;\">However, permanent content monitoring of the linked pages is not reasonable without concrete evidence of a legal violation. Upon becoming aware of legal violations, we will remove such links immediately.<\/span>\n\n<span style=\"font-weight: 400;\">\u00a0<\/span>\n<h3><span style=\"color: #003366;\">Copyright<\/span><\/h3>\n<span style=\"font-weight: 400;\">The content and works created by the website operators on these pages are subject to German copyright law. Duplication, editing, distribution, and any form of utilization outside the limits of copyright law require the written consent of the respective author or creator. Downloads and copies of this site are only permitted for private, non-commercial use.<\/span>\n\n<span style=\"font-weight: 400;\">Insofar as the content on this site was not created by the operator, the copyrights of third parties are respected. In particular, third-party content is marked as such. Should you nonetheless become aware of a copyright infringement, please notify us accordingly. Upon becoming aware of legal violations, we will remove such content immediately.<\/span>\n\n<b>Source:<\/b><a href=\"https:\/\/www.e-recht24.de\"> <span style=\"font-weight: 400;\">https:\/\/www.e-recht24.de<\/span><\/a>\t\t\t\t\t\t\t\t<\/div>\n\t\t\t\t<\/div>\n\t\t\t\t<\/div>\n\t\t\t\t<\/div>","protected":false},"excerpt":{"rendered":"<p>Imprint Information according to \u00a7 5 TMG iseremo GmbH M\u00fcnsterstra\u00dfe 126 40476 D\u00fcsseldorf Registration Court: District Court of D\u00fcsseldorf Registration Number: HRB 92653 Managing Director Erzen Hyko Contact Email: info@iseremo.com VAT ID VAT identification number according to \u00a7 27 a German VAT Act: DE343491925 Professional Liability Insurance Name and Registered Office of the Insurer: Hiscox [&hellip;]<\/p>","protected":false},"author":7,"featured_media":0,"parent":0,"menu_order":0,"comment_status":"closed","ping_status":"closed","template":"","meta":{"_mo_disable_npp":"","footnotes":""},"class_list":["post-53","page","type-page","status-publish","hentry"],"yoast_head":"<!-- This site is optimized with the Yoast SEO plugin v26.6 - https:\/\/yoast.com\/wordpress\/plugins\/seo\/ -->\n<title>Impressum | iseremo GmbH<\/title>\n<meta name=\"description\" content=\"Rechtliche Informationen und Unternehmensdaten der iseremo GmbH. Hier finden Sie unsere Kontaktdaten und Verantwortlichen.\" \/>\n<meta name=\"robots\" content=\"index, follow, max-snippet:-1, max-image-preview:large, max-video-preview:-1\" \/>\n<link rel=\"canonical\" href=\"https:\/\/iseremo.com\/en\/imprint\/\" \/>\n<meta property=\"og:locale\" content=\"en_US\" \/>\n<meta property=\"og:type\" content=\"article\" \/>\n<meta property=\"og:title\" content=\"Impressum | iseremo GmbH\" \/>\n<meta property=\"og:description\" content=\"Rechtliche Informationen und Unternehmensdaten der iseremo GmbH. Hier finden Sie unsere Kontaktdaten und Verantwortlichen.\" \/>\n<meta property=\"og:url\" content=\"https:\/\/iseremo.com\/en\/imprint\/\" \/>\n<meta property=\"og:site_name\" content=\"iseremo GmbH\" \/>\n<meta property=\"article:modified_time\" content=\"2025-10-23T22:19:23+00:00\" \/>\n<meta name=\"twitter:card\" content=\"summary_large_image\" \/>\n<meta name=\"twitter:label1\" content=\"Est. reading time\" \/>\n\t<meta name=\"twitter:data1\" content=\"2 minutes\" \/>\n<script type=\"application\/ld+json\" class=\"yoast-schema-graph\">{\"@context\":\"https:\/\/schema.org\",\"@graph\":[{\"@type\":\"WebPage\",\"@id\":\"https:\/\/iseremo.com\/en\/imprint\/\",\"url\":\"https:\/\/iseremo.com\/en\/imprint\/\",\"name\":\"Impressum | iseremo GmbH\",\"isPartOf\":{\"@id\":\"https:\/\/35.159.55.73\/en\/#website\"},\"datePublished\":\"2025-01-29T00:58:53+00:00\",\"dateModified\":\"2025-10-23T22:19:23+00:00\",\"description\":\"Rechtliche Informationen und Unternehmensdaten der iseremo GmbH. Hier finden Sie unsere Kontaktdaten und Verantwortlichen.\",\"breadcrumb\":{\"@id\":\"https:\/\/iseremo.com\/en\/imprint\/#breadcrumb\"},\"inLanguage\":\"en-US\",\"potentialAction\":[{\"@type\":\"ReadAction\",\"target\":[\"https:\/\/iseremo.com\/en\/imprint\/\"]}]},{\"@type\":\"BreadcrumbList\",\"@id\":\"https:\/\/iseremo.com\/en\/imprint\/#breadcrumb\",\"itemListElement\":[{\"@type\":\"ListItem\",\"position\":1,\"name\":\"Home\",\"item\":\"https:\/\/35.159.55.73\/en\/\"},{\"@type\":\"ListItem\",\"position\":2,\"name\":\"Imprint\"}]},{\"@type\":\"WebSite\",\"@id\":\"https:\/\/35.159.55.73\/en\/#website\",\"url\":\"https:\/\/35.159.55.73\/en\/\",\"name\":\"iseremo GmbH\",\"description\":\"Ihr Partner f\u00fcr digitale Transformation und IT-Dienstleistungen. Wir bieten ma\u00dfgeschneiderte L\u00f6sungen f\u00fcr Ihr Unternehmen.\",\"publisher\":{\"@id\":\"https:\/\/35.159.55.73\/en\/#organization\"},\"potentialAction\":[{\"@type\":\"SearchAction\",\"target\":{\"@type\":\"EntryPoint\",\"urlTemplate\":\"https:\/\/35.159.55.73\/en\/?s={search_term_string}\"},\"query-input\":{\"@type\":\"PropertyValueSpecification\",\"valueRequired\":true,\"valueName\":\"search_term_string\"}}],\"inLanguage\":\"en-US\"},{\"@type\":\"Organization\",\"@id\":\"https:\/\/35.159.55.73\/en\/#organization\",\"name\":\"iseremo GmbH\",\"url\":\"https:\/\/35.159.55.73\/en\/\",\"logo\":{\"@type\":\"ImageObject\",\"inLanguage\":\"en-US\",\"@id\":\"https:\/\/35.159.55.73\/en\/#\/schema\/logo\/image\/\",\"url\":\"https:\/\/iseremo.com\/wp-content\/uploads\/2024\/12\/logo_only.png\",\"contentUrl\":\"https:\/\/iseremo.com\/wp-content\/uploads\/2024\/12\/logo_only.png\",\"width\":680,\"height\":191,\"caption\":\"iseremo GmbH\"},\"image\":{\"@id\":\"https:\/\/35.159.55.73\/en\/#\/schema\/logo\/image\/\"},\"sameAs\":[\"https:\/\/www.linkedin.com\/company\/iseremo\/posts\/?feedView=all\",\"https:\/\/www.xing.com\/pages\/iseremo-gmbh\"]}]}<\/script>\n<!-- \/ Yoast SEO plugin. -->","yoast_head_json":{"title":"Impressum | iseremo GmbH","description":"Rechtliche Informationen und Unternehmensdaten der iseremo GmbH. Hier finden Sie unsere Kontaktdaten und Verantwortlichen.","robots":{"index":"index","follow":"follow","max-snippet":"max-snippet:-1","max-image-preview":"max-image-preview:large","max-video-preview":"max-video-preview:-1"},"canonical":"https:\/\/iseremo.com\/en\/imprint\/","og_locale":"en_US","og_type":"article","og_title":"Impressum | iseremo GmbH","og_description":"Rechtliche Informationen und Unternehmensdaten der iseremo GmbH. Hier finden Sie unsere Kontaktdaten und Verantwortlichen.","og_url":"https:\/\/iseremo.com\/en\/imprint\/","og_site_name":"iseremo GmbH","article_modified_time":"2025-10-23T22:19:23+00:00","twitter_card":"summary_large_image","twitter_misc":{"Est. reading time":"2 minutes"},"schema":{"@context":"https:\/\/schema.org","@graph":[{"@type":"WebPage","@id":"https:\/\/iseremo.com\/en\/imprint\/","url":"https:\/\/iseremo.com\/en\/imprint\/","name":"Impressum | iseremo GmbH","isPartOf":{"@id":"https:\/\/35.159.55.73\/en\/#website"},"datePublished":"2025-01-29T00:58:53+00:00","dateModified":"2025-10-23T22:19:23+00:00","description":"Rechtliche Informationen und Unternehmensdaten der iseremo GmbH. Hier finden Sie unsere Kontaktdaten und Verantwortlichen.","breadcrumb":{"@id":"https:\/\/iseremo.com\/en\/imprint\/#breadcrumb"},"inLanguage":"en-US","potentialAction":[{"@type":"ReadAction","target":["https:\/\/iseremo.com\/en\/imprint\/"]}]},{"@type":"BreadcrumbList","@id":"https:\/\/iseremo.com\/en\/imprint\/#breadcrumb","itemListElement":[{"@type":"ListItem","position":1,"name":"Home","item":"https:\/\/35.159.55.73\/en\/"},{"@type":"ListItem","position":2,"name":"Imprint"}]},{"@type":"WebSite","@id":"https:\/\/35.159.55.73\/en\/#website","url":"https:\/\/35.159.55.73\/en\/","name":"iseremo GmbH","description":"Ihr Partner f\u00fcr digitale Transformation und IT-Dienstleistungen. Wir bieten ma\u00dfgeschneiderte L\u00f6sungen f\u00fcr Ihr Unternehmen.","publisher":{"@id":"https:\/\/35.159.55.73\/en\/#organization"},"potentialAction":[{"@type":"SearchAction","target":{"@type":"EntryPoint","urlTemplate":"https:\/\/35.159.55.73\/en\/?s={search_term_string}"},"query-input":{"@type":"PropertyValueSpecification","valueRequired":true,"valueName":"search_term_string"}}],"inLanguage":"en-US"},{"@type":"Organization","@id":"https:\/\/35.159.55.73\/en\/#organization","name":"iseremo GmbH","url":"https:\/\/35.159.55.73\/en\/","logo":{"@type":"ImageObject","inLanguage":"en-US","@id":"https:\/\/35.159.55.73\/en\/#\/schema\/logo\/image\/","url":"https:\/\/iseremo.com\/wp-content\/uploads\/2024\/12\/logo_only.png","contentUrl":"https:\/\/iseremo.com\/wp-content\/uploads\/2024\/12\/logo_only.png","width":680,"height":191,"caption":"iseremo GmbH"},"image":{"@id":"https:\/\/35.159.55.73\/en\/#\/schema\/logo\/image\/"},"sameAs":["https:\/\/www.linkedin.com\/company\/iseremo\/posts\/?feedView=all","https:\/\/www.xing.com\/pages\/iseremo-gmbh"]}]}},"_links":{"self":[{"href":"https:\/\/iseremo.com\/en\/wp-json\/wp\/v2\/pages\/53","targetHints":{"allow":["GET"]}}],"collection":[{"href":"https:\/\/iseremo.com\/en\/wp-json\/wp\/v2\/pages"}],"about":[{"href":"https:\/\/iseremo.com\/en\/wp-json\/wp\/v2\/types\/page"}],"author":[{"embeddable":true,"href":"https:\/\/iseremo.com\/en\/wp-json\/wp\/v2\/users\/7"}],"replies":[{"embeddable":true,"href":"https:\/\/iseremo.com\/en\/wp-json\/wp\/v2\/comments?post=53"}],"version-history":[{"count":23,"href":"https:\/\/iseremo.com\/en\/wp-json\/wp\/v2\/pages\/53\/revisions"}],"predecessor-version":[{"id":1703,"href":"https:\/\/iseremo.com\/en\/wp-json\/wp\/v2\/pages\/53\/revisions\/1703"}],"wp:attachment":[{"href":"https:\/\/iseremo.com\/en\/wp-json\/wp\/v2\/media?parent=53"}],"curies":[{"name":"wp","href":"https:\/\/api.w.org\/{rel}","templated":true}]}}